{"id":280,"date":"2014-08-12T08:36:06","date_gmt":"2014-08-12T06:36:06","guid":{"rendered":"http:\/\/psg.pmkunde.de\/?page_id=280"},"modified":"2025-07-21T19:04:28","modified_gmt":"2025-07-21T17:04:28","slug":"die-majestaetenpaare-der-preetzer-schuetzengilde-von-1442","status":"publish","type":"page","link":"https:\/\/preetzer-schuetzengilde.de\/?page_id=280","title":{"rendered":"Die K\u00f6nigspaare der Preetzer Sch\u00fctzengilde von 1442"},"content":{"rendered":"<p>Die Chronik der Preetzer Sch\u00fctzengilde beginnt mit der Aufzeichnung der K\u00f6nigsw\u00fcrde im Jahr 1708. Aus Gr\u00fcnden der \u00dcbersichtlichkeit beginnt die nachfolgende Aufstellung mit dem Jahr 1969 und endet mit dem aktuellen K\u00f6nigsjahr.<\/p>\n<table width=\"434\">\n<tbody>\n<tr>\n<td width=\"80\"><strong>Jahr<\/strong><\/td>\n<td colspan=\"2\" width=\"354\"><strong>K\u00f6nigspaar<\/strong><\/td>\n<\/tr>\n<tr>\n<td>1969<\/td>\n<td>Hans-J\u00fcrgen und Ursula<\/td>\n<td>Schlieske<\/td>\n<\/tr>\n<tr>\n<td>1970<\/td>\n<td>Paul und Berta<\/td>\n<td>Lemcke<\/td>\n<\/tr>\n<tr>\n<td>1971<\/td>\n<td>Adolf und Grete<\/td>\n<td>Grothkopf jun.<\/td>\n<\/tr>\n<tr>\n<td>1972<\/td>\n<td>Alfred und Gisela<\/td>\n<td>Gehrau<\/td>\n<\/tr>\n<tr>\n<td>1973<\/td>\n<td>Paul und Ilse<\/td>\n<td>Johnsen<\/td>\n<\/tr>\n<tr>\n<td>1974<\/td>\n<td>Helmut und Helga<\/td>\n<td>Peters<\/td>\n<\/tr>\n<tr>\n<td>1975<\/td>\n<td>Karl-Heinz und Ingeborg<\/td>\n<td>Pauli<\/td>\n<\/tr>\n<tr>\n<td>1976<\/td>\n<td>Paul und Anni<\/td>\n<td>Tiedemann<\/td>\n<\/tr>\n<tr>\n<td>1977<\/td>\n<td>Karl-Detlef<\/td>\n<td>Sch\u00f6n<\/td>\n<\/tr>\n<tr>\n<td>1978<\/td>\n<td>Rolf und Leni<\/td>\n<td>Siebmann<\/td>\n<\/tr>\n<tr>\n<td>1979<\/td>\n<td>Otto und Nina<\/td>\n<td>Neumeister<\/td>\n<\/tr>\n<tr>\n<td>1980<\/td>\n<td>Karl-Heinz und Inke<\/td>\n<td>Ettling<\/td>\n<\/tr>\n<tr>\n<td>1981<\/td>\n<td>Heinrich und Lotti<\/td>\n<td>Bichel<\/td>\n<\/tr>\n<tr>\n<td>1982<\/td>\n<td>Heinz und Lore<\/td>\n<td>Rathje<\/td>\n<\/tr>\n<tr>\n<td>1983<\/td>\n<td>Helmut und Uschi<\/td>\n<td>Haardt<\/td>\n<\/tr>\n<tr>\n<td>1984<\/td>\n<td>Klaus und Elke<\/td>\n<td>Rensmeyer<\/td>\n<\/tr>\n<tr>\n<td>1985<\/td>\n<td>Karl-Heinz und Uschi<\/td>\n<td>Habeck<\/td>\n<\/tr>\n<tr>\n<td>1986<\/td>\n<td>Hans-Joachim<\/td>\n<td>Nadler<\/td>\n<\/tr>\n<tr>\n<td>1987<\/td>\n<td>Horst und Doris<\/td>\n<td>Rickert<\/td>\n<\/tr>\n<tr>\n<td>1988<\/td>\n<td>Henning und Christel<\/td>\n<td>Jessen<\/td>\n<\/tr>\n<tr>\n<td>4989<\/td>\n<td>Ingo und Dorle<\/td>\n<td>Carstensen<\/td>\n<\/tr>\n<tr>\n<td>1991<\/td>\n<td>Volker und Frauke<\/td>\n<td>Lucassen<\/td>\n<\/tr>\n<tr>\n<td>1991<\/td>\n<td>Jens und Rita<\/td>\n<td>Blunk<\/td>\n<\/tr>\n<tr>\n<td>1992<\/td>\n<td>Alexander und Antje<\/td>\n<td>Neumeister<\/td>\n<\/tr>\n<tr>\n<td>1993<\/td>\n<td>Uwe und Ute<\/td>\n<td>Gr\u00e4fendorf<\/td>\n<\/tr>\n<tr>\n<td>1994<\/td>\n<td>Hans-Herbert und Lore<\/td>\n<td>Schl\u00fcnsen<\/td>\n<\/tr>\n<tr>\n<td>1995<\/td>\n<td>Karl-Heinz und Beate<\/td>\n<td>Langbehn<\/td>\n<\/tr>\n<tr>\n<td>1996<\/td>\n<td>Manfred und K\u00e4the<\/td>\n<td>Kodel<\/td>\n<\/tr>\n<tr>\n<td>1997<\/td>\n<td>Klaus-Rainer und Maren<\/td>\n<td>Schwormstede<\/td>\n<\/tr>\n<tr>\n<td>1998<\/td>\n<td>Georg und Anna<\/td>\n<td>Drenckhahn<\/td>\n<\/tr>\n<tr>\n<td>1999<\/td>\n<td>Detlev und D\u00f6rte<\/td>\n<td>Hoffmann<\/td>\n<\/tr>\n<tr>\n<td>2000<\/td>\n<td>Friedrich und Sieglinde<\/td>\n<td>Jeck<\/td>\n<\/tr>\n<tr>\n<td>2001<\/td>\n<td>Bernd und Dana<\/td>\n<td>Kodel<\/td>\n<\/tr>\n<tr>\n<td>2002<\/td>\n<td>Siegbert und Anke<\/td>\n<td>R\u00f6se<\/td>\n<\/tr>\n<tr>\n<td>2003<\/td>\n<td>Dr. Dirk und Heinke<\/td>\n<td>Rickert<\/td>\n<\/tr>\n<tr>\n<td>2004<\/td>\n<td>J\u00fcrgen und Rosemarie<\/td>\n<td>Knabe<\/td>\n<\/tr>\n<tr>\n<td>2005<\/td>\n<td>Hauke und Osa<\/td>\n<td>Hansen<\/td>\n<\/tr>\n<tr>\n<td>2006<\/td>\n<td>Wolfgang und Brigitte<\/td>\n<td>Schneider<\/td>\n<\/tr>\n<tr>\n<td>2007<\/td>\n<td>Dieter und Renate<\/td>\n<td>Jensen<\/td>\n<\/tr>\n<tr>\n<td>2008<\/td>\n<td>Otto und Inge<\/td>\n<td>Kr\u00fcck<\/td>\n<\/tr>\n<tr>\n<td>2009<\/td>\n<td>Bodo und Heidi<\/td>\n<td>Knott<\/td>\n<\/tr>\n<tr>\n<td>2010<\/td>\n<td>Kay und Susanne<\/td>\n<td>Dittmann<\/td>\n<\/tr>\n<tr>\n<td>2011<\/td>\n<td>Thoralf und Angi<\/td>\n<td>Volkens<\/td>\n<\/tr>\n<tr>\n<td>2012<\/td>\n<td>k\u00f6nigloses Jahr<\/td>\n<td><\/td>\n<\/tr>\n<tr>\n<td>2013<\/td>\n<td>Dirk und Anne-Christine<\/td>\n<td>Peters<\/td>\n<\/tr>\n<tr>\n<td>2014<\/td>\n<td>Erhardt und Gisela<\/td>\n<td>Selchow<\/td>\n<\/tr>\n<tr>\n<td>2015<\/td>\n<td>Manfred und Irmi<\/td>\n<td>Quatfasel<\/td>\n<\/tr>\n<tr>\n<td>2016<\/td>\n<td>Frank und Harriet<\/td>\n<td>Grell<\/td>\n<\/tr>\n<tr>\n<td>2017<\/td>\n<td>Rudolf und Martina<\/td>\n<td>Hartz<\/td>\n<\/tr>\n<tr>\n<td>2018<\/td>\n<td>Christian und Angelika<\/td>\n<td>Bruschkat<\/td>\n<\/tr>\n<tr>\n<td>2019<\/td>\n<td>Bj\u00f6rn und Ariane<\/td>\n<td>Demmin<\/td>\n<\/tr>\n<tr>\n<td>2020<\/td>\n<td>Bj\u00f6rn und Ariane<\/td>\n<td>Demmin<\/td>\n<\/tr>\n<tr>\n<td>2021<\/td>\n<td>Bj\u00f6rn und Ariane<\/td>\n<td>Demmin<\/td>\n<\/tr>\n<tr>\n<td>2022<\/td>\n<td>Heiner und Vera<\/td>\n<td>Rath<\/td>\n<\/tr>\n<tr>\n<td>2023<\/td>\n<td>Udo und Susann<\/td>\n<td>Neumann<\/td>\n<\/tr>\n<tr>\n<td>2024<\/td>\n<td>Uwe und Martina<\/td>\n<td>Seidler<\/td>\n<\/tr>\n<tr>\n<td>2025<\/td>\n<td>Lother und Barbara<\/td>\n<td>Eisenberg<\/td>\n<\/tr>\n<\/tbody>\n<\/table>\n","protected":false},"excerpt":{"rendered":"<p>Die Chronik der Preetzer Sch\u00fctzengilde beginnt mit der Aufzeichnung der K\u00f6nigsw\u00fcrde im Jahr 1708. Aus Gr\u00fcnden der \u00dcbersichtlichkeit beginnt die nachfolgende Aufstellung mit dem Jahr 1969 und endet mit dem aktuellen K\u00f6nigsjahr. Jahr K\u00f6nigspaar 1969 Hans-J\u00fcrgen und Ursula Schlieske 1970 Paul und Berta Lemcke 1971 Adolf und Grete Grothkopf jun. 1972 Alfred und Gisela Gehrau [<a href=\"https:\/\/preetzer-schuetzengilde.de\/?page_id=280\">weiter&#8230;<\/a>]<\/p>\n","protected":false},"author":2,"featured_media":0,"parent":18,"menu_order":10,"comment_status":"open","ping_status":"closed","template":"","meta":{"_acf_changed":false,"footnotes":""},"class_list":["post-280","page","type-page","status-publish","hentry"],"acf":[],"publishpress_future_action":{"enabled":false,"date":"2026-04-26 17:08:21","action":"change-status","newStatus":"draft","terms":[],"taxonomy":"","extraData":[]},"publishpress_future_workflow_manual_trigger":{"enabledWorkflows":[]},"_links":{"self":[{"href":"https:\/\/preetzer-schuetzengilde.de\/index.php?rest_route=\/wp\/v2\/pages\/280","targetHints":{"allow":["GET"]}}],"collection":[{"href":"https:\/\/preetzer-schuetzengilde.de\/index.php?rest_route=\/wp\/v2\/pages"}],"about":[{"href":"https:\/\/preetzer-schuetzengilde.de\/index.php?rest_route=\/wp\/v2\/types\/page"}],"author":[{"embeddable":true,"href":"https:\/\/preetzer-schuetzengilde.de\/index.php?rest_route=\/wp\/v2\/users\/2"}],"replies":[{"embeddable":true,"href":"https:\/\/preetzer-schuetzengilde.de\/index.php?rest_route=%2Fwp%2Fv2%2Fcomments&post=280"}],"version-history":[{"count":16,"href":"https:\/\/preetzer-schuetzengilde.de\/index.php?rest_route=\/wp\/v2\/pages\/280\/revisions"}],"predecessor-version":[{"id":2110,"href":"https:\/\/preetzer-schuetzengilde.de\/index.php?rest_route=\/wp\/v2\/pages\/280\/revisions\/2110"}],"up":[{"embeddable":true,"href":"https:\/\/preetzer-schuetzengilde.de\/index.php?rest_route=\/wp\/v2\/pages\/18"}],"wp:attachment":[{"href":"https:\/\/preetzer-schuetzengilde.de\/index.php?rest_route=%2Fwp%2Fv2%2Fmedia&parent=280"}],"curies":[{"name":"wp","href":"https:\/\/api.w.org\/{rel}","templated":true}]}}