{"id":22,"date":"2023-07-31T14:20:33","date_gmt":"2023-07-31T12:20:33","guid":{"rendered":"http:\/\/psg.pmkunde.de\/?page_id=22"},"modified":"2023-08-01T10:05:29","modified_gmt":"2023-08-01T08:05:29","slug":"gildeutensilien","status":"publish","type":"page","link":"https:\/\/preetzer-schuetzengilde.de\/?page_id=22","title":{"rendered":"Gildeutensilien"},"content":{"rendered":"<p><span style=\"color: #ff0000;\"><strong>Gildewappen, Willkomm und Zepter<\/strong><\/span><\/p>\n\n\n<div class=\"wp-block-columns is-layout-flex wp-container-core-columns-is-layout-9d6595d7 wp-block-columns-is-layout-flex\">\n<div class=\"wp-block-column is-layout-flow wp-block-column-is-layout-flow\">\n<p>Gildewappen, der silberne Gildebecher &#8222;Willkomm&#8220; und Zepter werden dem K\u00f6nig als Zeichen seiner K\u00f6nigsw\u00fcrde zu Beginn des Gildejahres \u00fcberreicht. Der Gildebecher war daf\u00fcr gedacht, den Gildebr\u00fcdern f\u00fcr den Fall eines Besuches einen Wein anzubieten.<\/p>\n<\/div>\n\n\n\n<div class=\"wp-block-column is-layout-flow wp-block-column-is-layout-flow\"><div class=\"wp-block-image\">\n<figure class=\"aligncenter size-large is-resized\"><a href=\"https:\/\/preetzer-schuetzengilde.de\/cms2014\/wp-content\/uploads\/2014\/08\/Gildewappen_Willkomm-und-Zepter.jpg\"><img loading=\"lazy\" decoding=\"async\" src=\"https:\/\/preetzer-schuetzengilde.de\/cms2014\/wp-content\/uploads\/2014\/08\/Gildewappen_Willkomm-und-Zepter-1024x491.jpg\" alt=\"\" class=\"wp-image-373\" width=\"344\" height=\"164\" srcset=\"https:\/\/preetzer-schuetzengilde.de\/cms2014\/wp-content\/uploads\/2014\/08\/Gildewappen_Willkomm-und-Zepter-1024x491.jpg 1024w, https:\/\/preetzer-schuetzengilde.de\/cms2014\/wp-content\/uploads\/2014\/08\/Gildewappen_Willkomm-und-Zepter-300x143.jpg 300w, https:\/\/preetzer-schuetzengilde.de\/cms2014\/wp-content\/uploads\/2014\/08\/Gildewappen_Willkomm-und-Zepter.jpg 2032w\" sizes=\"auto, (max-width: 344px) 100vw, 344px\" \/><\/a><\/figure>\n<\/div>\n\n<\/div>\n<\/div>\n\n\n\n<p><strong><span style=\"color: #ff0000;\">K\u00f6nigsteller<br><\/span><\/strong><\/p>\n\n\n\n<div class=\"wp-block-columns is-layout-flex wp-container-core-columns-is-layout-9d6595d7 wp-block-columns-is-layout-flex\">\n<div class=\"wp-block-column is-layout-flow wp-block-column-is-layout-flow\" style=\"flex-basis:400px\"><div class=\"wp-block-image\">\n<figure class=\"aligncenter size-full is-resized\"><a href=\"https:\/\/preetzer-schuetzengilde.de\/cms2014\/wp-content\/uploads\/2014\/08\/K\u00f6nigsteller_1.jpg\"><img loading=\"lazy\" decoding=\"async\" src=\"https:\/\/preetzer-schuetzengilde.de\/cms2014\/wp-content\/uploads\/2014\/08\/K\u00f6nigsteller_1.jpg\" alt=\"\" class=\"wp-image-213\" width=\"242\" height=\"180\"\/><\/a><\/figure>\n<\/div><\/div>\n\n\n\n<div class=\"wp-block-column is-layout-flow wp-block-column-is-layout-flow\">\n<p>Der K\u00f6nigsteller (eine handwerklich gelungene Arbeit, \u00fcberwiegend gedrechselt) hat einen Durchmesser von 40 cm und wird beim Anschie\u00dfen nach der Sommerpause dem amtierenden K\u00f6nig vom Ex-K\u00f6nig \u00fcberreicht. Dieser Teller wurde im Jahr 2022 durch einen silbernen Ehrenteller ersetzt.<\/p>\n<\/div>\n<\/div>\n\n\n\n<p><strong><span style=\"color: #ff0000;\">Der Willkomm<\/span><\/strong><\/p>\n\n\n\n<div class=\"wp-block-columns is-layout-flex wp-container-core-columns-is-layout-9d6595d7 wp-block-columns-is-layout-flex\">\n<div class=\"wp-block-column is-layout-flow wp-block-column-is-layout-flow\">\n<p>Die Gilde ist im Besitz von 15 wertvollen silbernen Pokalen und Bechern, zum Teil aus dem 18. Jahrhundert. Der Gildek\u00f6nig 1978-1979 Karl-Detlef Sch\u00f6n stiftete den 15. Pokal mit folgender Auflage: Der Pokal erh\u00e4lt den Namen \u201eWillkomm\u201c, er bleibt jeweils f\u00fcr ein Jahr im Hause des regierenden K\u00f6nigs und soll bei allen Zusammenk\u00fcnften, Vorstandssitzungen und sonstigen feierlichen Anl\u00e4ssen kr\u00e4ftig benutzt werden.<\/p>\n<\/div>\n\n\n\n<div class=\"wp-block-column is-layout-flow wp-block-column-is-layout-flow\"><div class=\"wp-block-image\">\n<figure class=\"aligncenter size-full is-resized\"><a href=\"https:\/\/preetzer-schuetzengilde.de\/cms2014\/wp-content\/uploads\/2014\/08\/Willkomm.jpg\"><img loading=\"lazy\" decoding=\"async\" src=\"https:\/\/preetzer-schuetzengilde.de\/cms2014\/wp-content\/uploads\/2014\/08\/Willkomm.jpg\" alt=\"\" class=\"wp-image-209\" width=\"318\" height=\"238\" srcset=\"https:\/\/preetzer-schuetzengilde.de\/cms2014\/wp-content\/uploads\/2014\/08\/Willkomm.jpg 800w, https:\/\/preetzer-schuetzengilde.de\/cms2014\/wp-content\/uploads\/2014\/08\/Willkomm-300x225.jpg 300w\" sizes=\"auto, (max-width: 318px) 100vw, 318px\" \/><\/a><\/figure>\n<\/div><\/div>\n<\/div>\n\n\n\n<p><strong><span style=\"color: #ff0000;\">Die K\u00f6nigskette der Gilde<\/span><\/strong><\/p>\n\n\n\n<div class=\"wp-block-columns is-layout-flex wp-container-core-columns-is-layout-9d6595d7 wp-block-columns-is-layout-flex\">\n<div class=\"wp-block-column is-layout-flow wp-block-column-is-layout-flow\"><div class=\"wp-block-image\">\n<figure class=\"aligncenter size-large is-resized\"><a href=\"https:\/\/preetzer-schuetzengilde.de\/cms2014\/wp-content\/uploads\/2014\/07\/Die_Koenigskette_der_Gilde.jpg\"><img loading=\"lazy\" decoding=\"async\" src=\"https:\/\/preetzer-schuetzengilde.de\/cms2014\/wp-content\/uploads\/2014\/07\/Die_Koenigskette_der_Gilde-782x1024.jpg\" alt=\"\" class=\"wp-image-146\" width=\"199\" height=\"261\" srcset=\"https:\/\/preetzer-schuetzengilde.de\/cms2014\/wp-content\/uploads\/2014\/07\/Die_Koenigskette_der_Gilde-782x1024.jpg 782w, https:\/\/preetzer-schuetzengilde.de\/cms2014\/wp-content\/uploads\/2014\/07\/Die_Koenigskette_der_Gilde-229x300.jpg 229w, https:\/\/preetzer-schuetzengilde.de\/cms2014\/wp-content\/uploads\/2014\/07\/Die_Koenigskette_der_Gilde.jpg 1740w\" sizes=\"auto, (max-width: 199px) 100vw, 199px\" \/><\/a><\/figure>\n<\/div><\/div>\n\n\n\n<div class=\"wp-block-column is-layout-flow wp-block-column-is-layout-flow\">\n<p>Der silberne K\u00f6nigsvogel von 1609, gefertigt vom Preetzer Goldschmied Pawel Hus. An den Fl\u00fcgeln Namen von 11 Einwohnern, wahrscheinlich den Stiftern, hier mit der steuerlichen Zuordnung des Klosterregisters 1611\/12, soweit vorhanden: Gosch Kock, Lasarius Frese (gr. Haus), Hans Petersen (gr. Haus), Hinrich Reger, Clawes Selmer (gr. Haus), Joachim Scheele, Jurgen Baroldt, Benedictus Sestede (Baulag), Hans von Ahnefelt (unbebaute Stelle \u201eAuer der Langen brugge\u201c), Asmus Stoltenberch, Hans Reimers (gr. Haus).<\/p>\n<\/div>\n<\/div>\n\n\n\n<p><strong><span style=\"color: #ff0000;\">Der Gildehammer von 1613<\/span><\/strong><\/p>\n\n\n\n<div class=\"wp-block-columns is-layout-flex wp-container-core-columns-is-layout-9d6595d7 wp-block-columns-is-layout-flex\">\n<div class=\"wp-block-column is-layout-flow wp-block-column-is-layout-flow\">\n<p>Der Gildehammer bildet ein weiteres Zeichen der Autorit\u00e4t. Damit gebietet der 1. \u00c4ltermann Ruhe, sein Aufklopfen mit 4 Schl\u00e4gen setzt auch jeder Versammlung ein Ende.<\/p>\n<\/div>\n\n\n\n<div class=\"wp-block-column is-layout-flow wp-block-column-is-layout-flow\"><div class=\"wp-block-image\">\n<figure class=\"aligncenter size-large is-resized\"><a href=\"https:\/\/preetzer-schuetzengilde.de\/cms2014\/wp-content\/uploads\/2014\/07\/Der_Gildehammer_von_1613.jpg\"><img loading=\"lazy\" decoding=\"async\" src=\"https:\/\/preetzer-schuetzengilde.de\/cms2014\/wp-content\/uploads\/2014\/07\/Der_Gildehammer_von_1613-713x1024.jpg\" alt=\"\" class=\"wp-image-143\" width=\"138\" height=\"198\" srcset=\"https:\/\/preetzer-schuetzengilde.de\/cms2014\/wp-content\/uploads\/2014\/07\/Der_Gildehammer_von_1613-713x1024.jpg 713w, https:\/\/preetzer-schuetzengilde.de\/cms2014\/wp-content\/uploads\/2014\/07\/Der_Gildehammer_von_1613-209x300.jpg 209w, https:\/\/preetzer-schuetzengilde.de\/cms2014\/wp-content\/uploads\/2014\/07\/Der_Gildehammer_von_1613.jpg 1979w\" sizes=\"auto, (max-width: 138px) 100vw, 138px\" \/><\/a><\/figure>\n<\/div><\/div>\n<\/div>\n\n\n\n<p><strong><span style=\"color: #ff0000;\">Die Lade von 1828<\/span><\/strong><\/p>\n\n\n\n<div class=\"wp-block-columns is-layout-flex wp-container-core-columns-is-layout-9d6595d7 wp-block-columns-is-layout-flex\">\n<div class=\"wp-block-column is-layout-flow wp-block-column-is-layout-flow\"><div class=\"wp-block-image\">\n<figure class=\"aligncenter size-full is-resized\"><a href=\"https:\/\/preetzer-schuetzengilde.de\/cms2014\/wp-content\/uploads\/2014\/07\/Lade-von-1828.jpg\"><img loading=\"lazy\" decoding=\"async\" src=\"https:\/\/preetzer-schuetzengilde.de\/cms2014\/wp-content\/uploads\/2014\/07\/Lade-von-1828.jpg\" alt=\"\" class=\"wp-image-195\" width=\"242\" height=\"181\" srcset=\"https:\/\/preetzer-schuetzengilde.de\/cms2014\/wp-content\/uploads\/2014\/07\/Lade-von-1828.jpg 800w, https:\/\/preetzer-schuetzengilde.de\/cms2014\/wp-content\/uploads\/2014\/07\/Lade-von-1828-300x225.jpg 300w\" sizes=\"auto, (max-width: 242px) 100vw, 242px\" \/><\/a><\/figure>\n<\/div><\/div>\n\n\n\n<div class=\"wp-block-column is-layout-flow wp-block-column-is-layout-flow\">\n<p>Mit dem \u00d6ffnen der Lade von 1828 und dem Schlagen des Hammers von 1613 wird das Gildefest er\u00f6ffnet. Bei allen Zusammenk\u00fcnften bildet der \u201e\u00c4ltermanntisch\u201c mit der ge\u00f6ffneten Lade die absolute Autorit\u00e4t f\u00fcr den Internen Bereich. Hier muss man vortreten, um Vorschl\u00e4ge und Beschwerden einzubringen, und zwar alles nur nach Aufforderung und in gesitteter Form. Vor der ge\u00f6ffneten Lade werden Belobigungen als auch Verweise ausgesprochen. Die Lade repr\u00e4sentiert&nbsp; durch die darin aufbewahrten Statuten, Dokumente und Gildeger\u00e4t die gesamte Rechtsgrundlage und Tradition.<\/p>\n<\/div>\n<\/div>\n\n\n\n<p><strong><span style=\"color: #ff0000;\">Die Gildefahne<\/span><\/strong><\/p>\n\n\n\n<div class=\"wp-block-columns is-layout-flex wp-container-core-columns-is-layout-9d6595d7 wp-block-columns-is-layout-flex\">\n<div class=\"wp-block-column is-layout-flow wp-block-column-is-layout-flow\" style=\"flex-basis:66.66%\">\n<p><strong>Anno 1752<br \/><\/strong>Da der K\u00f6nig Dieterich Wittmark dem Gilde eine Fahne geschenket, so haben billig 1 Capitein, 2 Leutnant und 1 Fenrich von der Gilde erw\u00e4hlet werden, i\u00df also der Gilde solches vorgetragen, ob sie darin willigen wollten, da\u00df eine Acht dar\u00fcber ausgehen sollte (21 Mann). Diese Acht bringet ein, da\u00df Sie erw\u00e4hlet haben Christian M\u00fcller zum Capitein, J\u00fcrgen Hinrich Driver zum Fenrich, Dieterich Wittmark und J\u00fcrgen Harder zu Leutnants und selbige sollen auf ihrer Stelle im Gildesitzen und ihr Biergeldt sowohl al\u00df andere Bezahlen und was Sie zu ihrem Amt n\u00f6thig haben sich selber anzuschaffen.<\/p>\n<p><strong>Anno 1791<br \/><\/strong>Ihre Ex. die Frau Geheimr\u00e4thin von Rantzau, geb. Baronesse von Brockdorff auf Klein-Nordsee im vorigen Jahre Sch\u00fctzenk\u00f6nigin hat der gantzen Gilde eine neue Fahne geschenkt.<\/p>\n<p><strong>Anno 1859<br \/><\/strong>Unsere jetzige Priorin v. Rantzau aus dem Hause Breitenburg \u2026 hat uns eine neue Fahne geschenkt, die sie uns am Morgen des Festes vor ihrer T\u00fcr \u00fcberreichte.<\/p>\n<p>Die Fahne, aus der Hand einer Gr\u00e4fin von Rantzau, entstammend aus einem hochber\u00fchmten Hause, mu\u00df uns besonders wert sein.<\/p>\n<p><strong>Anno 1987<br \/><\/strong>Unser K\u00f6nig Horst Rickert hat die Restaurierung der alten Fahne von 1859 \u00fcbernommen. Zum Gildefest 1988 wurde die alte Fahne, die jetzt wie neu aussieht, den Gildebr\u00fcdern pr\u00e4sentiert.<\/p>\n<\/div>\n\n\n\n<div class=\"wp-block-column is-layout-flow wp-block-column-is-layout-flow\" style=\"flex-basis:33.33%\"><div class=\"wp-block-image\">\n<figure class=\"aligncenter size-full\"><a href=\"https:\/\/preetzer-schuetzengilde.de\/cms2014\/wp-content\/uploads\/2014\/08\/Die-Fahne.jpg\"><img loading=\"lazy\" decoding=\"async\" width=\"576\" height=\"753\" src=\"https:\/\/preetzer-schuetzengilde.de\/cms2014\/wp-content\/uploads\/2014\/08\/Die-Fahne.jpg\" alt=\"\" class=\"wp-image-372\" srcset=\"https:\/\/preetzer-schuetzengilde.de\/cms2014\/wp-content\/uploads\/2014\/08\/Die-Fahne.jpg 576w, https:\/\/preetzer-schuetzengilde.de\/cms2014\/wp-content\/uploads\/2014\/08\/Die-Fahne-229x300.jpg 229w\" sizes=\"auto, (max-width: 576px) 100vw, 576px\" \/><\/a><\/figure>\n<\/div><\/div>\n<\/div>\n","protected":false},"excerpt":{"rendered":"<p>Gildewappen, Willkomm und Zepter Gildewappen, der silberne Gildebecher &#8222;Willkomm&#8220; und Zepter werden dem K\u00f6nig als Zeichen seiner K\u00f6nigsw\u00fcrde zu Beginn des Gildejahres \u00fcberreicht. Der Gildebecher war daf\u00fcr gedacht, den Gildebr\u00fcdern f\u00fcr den Fall eines Besuches einen Wein anzubieten. K\u00f6nigsteller Der K\u00f6nigsteller (eine handwerklich gelungene Arbeit, \u00fcberwiegend gedrechselt) hat einen Durchmesser von 40 cm und wird [<a href=\"https:\/\/preetzer-schuetzengilde.de\/?page_id=22\">weiter&#8230;<\/a>]<\/p>\n","protected":false},"author":2,"featured_media":0,"parent":169,"menu_order":90,"comment_status":"closed","ping_status":"closed","template":"","meta":{"_acf_changed":false,"footnotes":""},"class_list":["post-22","page","type-page","status-publish","hentry"],"acf":[],"publishpress_future_action":{"enabled":false,"date":"2026-04-26 17:09:17","action":"change-status","newStatus":"draft","terms":[],"taxonomy":"","extraData":[]},"publishpress_future_workflow_manual_trigger":{"enabledWorkflows":[]},"_links":{"self":[{"href":"https:\/\/preetzer-schuetzengilde.de\/index.php?rest_route=\/wp\/v2\/pages\/22","targetHints":{"allow":["GET"]}}],"collection":[{"href":"https:\/\/preetzer-schuetzengilde.de\/index.php?rest_route=\/wp\/v2\/pages"}],"about":[{"href":"https:\/\/preetzer-schuetzengilde.de\/index.php?rest_route=\/wp\/v2\/types\/page"}],"author":[{"embeddable":true,"href":"https:\/\/preetzer-schuetzengilde.de\/index.php?rest_route=\/wp\/v2\/users\/2"}],"replies":[{"embeddable":true,"href":"https:\/\/preetzer-schuetzengilde.de\/index.php?rest_route=%2Fwp%2Fv2%2Fcomments&post=22"}],"version-history":[{"count":17,"href":"https:\/\/preetzer-schuetzengilde.de\/index.php?rest_route=\/wp\/v2\/pages\/22\/revisions"}],"predecessor-version":[{"id":1646,"href":"https:\/\/preetzer-schuetzengilde.de\/index.php?rest_route=\/wp\/v2\/pages\/22\/revisions\/1646"}],"up":[{"embeddable":true,"href":"https:\/\/preetzer-schuetzengilde.de\/index.php?rest_route=\/wp\/v2\/pages\/169"}],"wp:attachment":[{"href":"https:\/\/preetzer-schuetzengilde.de\/index.php?rest_route=%2Fwp%2Fv2%2Fmedia&parent=22"}],"curies":[{"name":"wp","href":"https:\/\/api.w.org\/{rel}","templated":true}]}}