{"id":150,"date":"2014-07-31T16:44:50","date_gmt":"2014-07-31T14:44:50","guid":{"rendered":"http:\/\/psg.pmkunde.de\/?page_id=150"},"modified":"2026-02-05T13:01:47","modified_gmt":"2026-02-05T11:01:47","slug":"gildetermine","status":"publish","type":"page","link":"https:\/\/preetzer-schuetzengilde.de\/?page_id=150","title":{"rendered":"Gildetermine"},"content":{"rendered":"\n<p style=\"text-align: center;\"><strong><span style=\"color: #ff0000; font-size: 14pt;\">Das wird unser Gildejahr 2026<\/span><br \/><\/strong>Liebe Gildebr\u00fcder, liebe G\u00e4ste, <br \/>das sind unsere Planungen f\u00fcr das bevorstehende Gildejahr:<br \/>06.01.2026 &#8211; Gr\u00fcnkohlessen der Gildek\u00f6nige im Gildehus<br \/>30.01.2026 &#8211; Gildepokal Preetz-Pl\u00f6n-L\u00fctjenburg<br \/>01.02.2026 &#8211; Anschie\u00dfen nach der Winterpause<br \/>15.02.2026 &#8211; Schie\u00dfen Schie\u00dfstand\u00a0<br \/>01.03.2026 &#8211; Schie\u00dfen Schie\u00dfstand\u00a0<br \/>07.03.2026 &#8211; Damenpokal\u00a0<br \/>15.03.2026 &#8211; Schie\u00dfen Schie\u00dfstand\u00a0<br \/>21.03.2026 &#8211; Gilde &#8211; Jahreshauptversammlung<br \/>29.03.2026 &#8211; Schie\u00dfen Schie\u00dfstand<br \/>12.06.2026 &#8211; Festkommers Sch\u00fctzenplatz<br \/>13.06.2026 &#8211; Gildefest Sch\u00fctzenplatz<br \/>10.10.2026 &#8211; Gildeball<br \/><br \/><\/p>\n\n\n\n<p style=\"text-align: center;\"><strong><span style=\"color: #ff0000; font-size: 14pt;\">Das war unser Gildejahr 2025<\/span><br \/><\/strong>Liebe Gildebr\u00fcder, liebe G\u00e4ste, <br \/>das sind unsere Planungen f\u00fcr das bevorstehende Gildejahr:<br \/>06.01.2025 &#8211; Gr\u00fcnkohlessen der Gildek\u00f6nige im GildehusLiebe Gildebr\u00fcder, liebe G\u00e4ste, <br \/>das sind unsere Planungen f\u00fcr das bevorstehende Gildejahr:<br \/>06.01.2025 &#8211; Gr\u00fcnkohlessen der Gildek\u00f6nige im Gildehus<br \/>26.01.2025 &#8211; Anschie\u00dfen im Schie\u00dfstand <br \/>09.02.2025 &#8211; Schie\u00dfen Schie\u00dfstand<br \/>23.02.2025 &#8211; Schie\u00dfen Schie\u00dfstand<br \/>09.03.2025 &#8211; Schie\u00dfen Schie\u00dfstand<br \/>23.03.2025 &#8211; Schie\u00dfen Schie\u00dfstand<br \/>28.03.2025 &#8211; Gilde Jahreshauptversammlung<br \/>06.04.2025 &#8211; Schie\u00dfen Schie\u00dfstand<br \/>26.04.2025 &#8211; \u00c4ltermanntreffen der Holsteiner Gilden &#8211; Gildehus<br \/>27.04.2025 &#8211; Schie\u00dfen Schie\u00dfstand<br \/>07.05.2025 &#8211; Schie\u00dfnummernziehen<br \/>11.05.2025 &#8211; Schie\u00dfen Schie\u00dfstand<br \/>25.05.2025 &#8211; Schie\u00dfen Schie\u00dfstand<br \/>01.06.2025 &#8211; Abschie\u00dfen Schie\u00dfstand<br \/>20.06.2025 &#8211; Festkommers Sch\u00fctzenplatz<br \/>21.06.2025 &#8211; Gildefest Sch\u00fctzenplatz<br \/>31.08.2025 &#8211; Anschie\u00dfen Schie\u00dfstand<br \/>19.09.2025 Sch\u00fctzenfest Stavenhagen<br \/>18.10.2025 &#8211; Gildeball im Gildehus<br \/>16.11.2025 &#8211; Volkstrauertag<br \/>13.12. &#8211; 14.12.2025 &#8211; Weihnachtsmarkt im Adeligen Kloster Preetz<br \/>20.12. &#8211; 21.12.2025 &#8211; Weihnachtsmarkt im Adeligen Kloster Preetz\u00a0\u00a0\u00a0<\/p>\n<p>\u00a0<\/p>\n\n\n\n<p><\/p>\n\n\n<p style=\"text-align: center;\"><span style=\"color: #ff0000; font-size: 14pt;\"><strong>Das war unser Gildejahr 2024<br \/><\/strong><\/span>Liebe Gildebr\u00fcder, liebe G\u00e4ste, <br \/>das sind unsere Planungen f\u00fcr das bevorstehende Gildejahr:<br \/>06.01.2024 &#8211; Gr\u00fcnkohlessen der Gildek\u00f6nige im Gildehus<br \/>28.01.2024 &#8211; Anschie\u00dfen im Schie\u00dfstand <br \/>11.02.2024 &#8211; Schie\u00dfen Schie\u00dfstand und L\u00f6ffel\u00fcbergabe<br \/>16.02.2024 &#8211; Havanna-Abend Schie\u00dfstand<br \/>25.02.2024 &#8211; Schie\u00dfen Schie\u00dfstand<br \/>10.03.2024 &#8211; Schie\u00dfen Schie\u00dfstand<br \/>16.03.2024 &#8211; Kniffelabend Schie\u00dfstand<br \/>22.03.2024 &#8211; Gilde Jahreshauptversammlung<br \/>24.03.2024 &#8211; Schie\u00dfen Schie\u00dfstand<br \/>07.04.2024 &#8211; Schie\u00dfen Schie\u00dfstand<br \/>20.04.2024 &#8211; Damenpokalschie\u00dfen im Schie\u00dfstand<br \/>21.04.2024 &#8211; Schie\u00dfen Schie\u00dfstand<br \/>05.05.2024 &#8211; Schie\u00dfen Schie\u00dfstand<br \/>26.05.2024 &#8211; Schie\u00dfen Schie\u00dfstand<br \/>02.06.2024 &#8211; Abschie\u00dfen Schie\u00dfstand<br \/>07.06 2024 &#8211; Festkommers Sch\u00fctzenplatz<br \/>08.06.2024 &#8211; Gildefest Sch\u00fctzenplatz<br \/>25.08.2024 &#8211; Anschie\u00dfen Schie\u00dfstand<br \/>06.09.2024 &#8211; 08.09.2024 &#8211; Sch\u00fctzenfest Stavenhagen<br \/>19.10.2024 &#8211; Gildeball im Gildehus<br \/>01.12.2024 &#8211; Adventsschie\u00dfen Schie\u00dfstand<br \/>14.12. &#8211; 15.12.2024 &#8211; Weihnachtsmarkt im Adeligen Kloster Preetz<br \/>21.12. &#8211; 22.12.2024 &#8211; Weihnachtsmarkt im Adeligen Kloster Preetz\u00a0\u00a0\u00a0<\/p>\n<\/p>\n<p style=\"text-align: center;\"><span style=\"color: #ff0000; font-size: 14pt;\"><strong>Das war unser Gildejahr 2023<br \/><\/strong><\/span>Liebe Gildebr\u00fcder, liebe G\u00e4ste, <br \/>das sind unsere Planungen f\u00fcr das nun insgesamt normal verlaufende Gildejahr:<br \/>06.01.2023 &#8211; Gr\u00fcnkohlessen der Gildek\u00f6nige im Gildehus<br \/>29.01.2023 &#8211; Anschie\u00dfen im Schie\u00dfstand<br \/>18.02.2023 &#8211; Damenpokalschie\u00dfen im Schie\u00dfstand<br \/>11.02.2023 &#8211; K\u00f6niginnenkaffee in der K\u00f6nigsburg<br \/>18.03.2023 &#8211; Pokalschie\u00dfen mit der Gilde Schellhorn<br \/>29.04.2023 &#8211; \u00d6llermanntreffen in L\u00fctjenburg<br \/>02.05.2023 &#8211; Spenden\u00fcbergabe im Adeligen Kloster Preetz<br \/>12.05.2023 &#8211; Zeltaufbauerfest im Schie\u00dfstand<br \/>04.06.2023 &#8211; Abschie\u00dfen<br \/>09.06. &#8211; 10.06.2023 &#8211; Gildefest<br \/>26.08.2023 &#8211; Anschie\u00dfen\u00a0<br \/>08.09. &#8211; 09.09.2023 &#8211; Sch\u00fctzenfest Stavenhagen<br \/>28.10.2023 &#8211; Gildeball im Gildehus<br \/>03.12.2023 &#8211; Adventsschie\u00dfen<br \/>09.12. &#8211; 10.12.2023 &#8211; Weihnachtsmarkt im Adeligen Kloster Preetz<br \/>16.12. &#8211; 17.12.2023 &#8211; Weihnachtsmarkt im Adeligen Kloster Preetz\u00a0\u00a0<\/p>\n<\/p>\n<p style=\"text-align: center;\"><strong><span style=\"font-size: 14pt;\"><span style=\"color: #ff0000;\">Das war unser Gildejahr 2022<br \/><\/span><\/span><\/strong>Liebe Gildebr\u00fcder, liebe G\u00e4ste, <br \/>der Vorstand hat voller Optimismus die Planung f\u00fcr das Jahr 2022 <br \/>aufgenommen und hofft, dass wir wieder zur Normalit\u00e4t zur\u00fcckkehren<br \/>k\u00f6nnen. Daher ver\u00f6ffentlichen wir hier den angedachten Zeitplan, der nat\u00fcrlich <br \/>unter dem Vorbehalt einer pandemiebedingten Realisierung steht.<br \/>06.01.2022 &#8211; Gr\u00fcnkohlessen der Gildek\u00f6nige im Gildehus<br \/>30.01.2022 &#8211; Anschie\u00dfen im Schie\u00dfstand &#8211; f\u00e4llt leider aus<br \/>18.03.2022 &#8211; Gilde-Jahreshauptversammlung im Gildehus<br \/>22.05.2022 &#8211; Abschie\u00dfen im Schie\u00dfstand<br \/>10.06.2022 &#8211; Festkommers-Sch\u00fctzenplatz<br \/>11.06.2022 &#8211; Gildefest-Sch\u00fctzenplatz<br \/>28.08.2022 &#8211; Anschie\u00dfen im Schie\u00dfstand<br \/>22.10.2022 &#8211; Gildeball im Gildehus<br \/>27.11.2022 &#8211; Abschie\u00dfen\u00a0<\/p>\n<\/p>\n<p style=\"text-align: center;\"><strong><span style=\"font-size: 14pt;\"><span style=\"color: #ff0000;\">Das war unser Gildejahr 2021<br \/><\/span><\/span><\/strong>Liebe Gildebr\u00fcder, liebe G\u00e4ste, <br \/>gerne h\u00e4tten wir mit euch und unseren G\u00e4sten auch das Gildejahr 2021 gefeiert. <br \/>Wir hatten zun\u00e4chst ein Gildejahr mit dem bekannten Ablauf geplant, das wir aber <br \/>im Laufe des Jahres wegen der Corona-Pandemie komplett absagen mussten. <br \/>Der Vorstand hat daher, da auch keine Gilde-Jahreshauptversammlung stattfinden <br \/>konnte, im schriftlichen Beteiligungsverfahren die Gildejahre 2019 und 2020 rechtlich <br \/>sicher abgeschlossen. Unser Vorstand wurde durch die Beschl\u00fcsse best\u00e4tigt. Im August und <br \/>im September konnten wir bei einem Grillnachmittag allen Gildebr\u00fcdern und <br \/>Gildeschwestern unseren neu gestalteten Schie\u00dfstand pr\u00e4sentieren. F\u00fcr diese Ma\u00dfnahmen <br \/>haben insbesondere die flei\u00dfigen Helfer und Unterst\u00fctzer eines dickes Lob erhalten, weil der <br \/>Umbau super gelungen ist. Das Highlight war in diesem Jahr unser Gilde-Herbstvergn\u00fcgen im <br \/>Gildehus, das von den dortigen Betreiberinnen mit einem hervorragenden B\u00fcfett ausgestattet <br \/>wurde. So hatten wir Gelegenheiten, um im Rahmen der zul\u00e4ssigen Hygienevorschriften mal <br \/>wieder soziale Kontakte zu pflegen, die uns sehr gefehlt haben. Mit einem tr\u00e4nenden Auge <br \/>haben wir unseren Stand beim traditionellen Weihnachtsmarkt im Preetzer Kloster abgesagt. <br \/>Aber auch dieser Markt wird pandemiebedingt nicht stattfinden, wof\u00fcr wir auch gro\u00dfes <br \/>Verst\u00e4ndnis haben. So schlie\u00dft auch das Gildejahr 2021 mit einigen Einschr\u00e4nkungen und <br \/>Ausf\u00e4llen, f\u00fcr die wir ohne Frage Verst\u00e4ndnis haben. <strong><span style=\"font-size: 14pt;\">\u00a0 <\/span><\/strong><\/p>\n<\/p>\n<p style=\"text-align: center;\"><span style=\"color: #ff0000;\"><span style=\"color: #ff0000;\"><span style=\"font-size: 14pt;\"><strong>Das war unser Gildejahr 2020<br \/><\/strong><\/span><\/span><\/span>Liebe Gildebr\u00fcder, liebe G\u00e4ste, <br \/>sicherlich verfolgt ihr mit gro\u00dfem Interesse die Entwicklungen, die sich um die Verbreitung <br \/>des neuartige Coronavirus SARS-CoV-2 ranken. Erst k\u00fcrzlich haben dazu die Bundes- und <br \/>Landesregierung erkl\u00e4rt, dass es gilt, die Ansteckungsrisiken zu senken, wobei das <br \/>Zusammenleben trotz Epidemie weiter funktionieren muss. Deshalb soll es gelten, die <br \/>Balance zwischen Einschnitten und dem Alltag zu halten. <br \/>Wir m\u00fcssen als Gesellschaft in der Krise wachsen und St\u00e4rke sowie Zusammenhalt zeigen. <br \/>Wir brauchen die in diesen Stunden auch von der Politik so oft beschworene Solidarit\u00e4t, <br \/>ganz dringend sogar. Vor diesen Erkenntnissen sowie Regelungen zust\u00e4ndiger Verwaltungen <br \/>hat sich der Vorstand entschlossen, alle Gildeveranstaltungen ab dem 15.03.2020 mit <br \/>offenem zeitlichem Ende abzusagen. Sobald wir absehen k\u00f6nnen, welche Veranstaltungen <br \/>gesichert durchgef\u00fchrt werden k\u00f6nnen, werden wir unseren Terminkalender aktualisieren.<br \/>Wir bedanken uns f\u00fcr euer Verst\u00e4ndnis.<\/p>\n\n\n<p><\/p>\n\n\n","protected":false},"excerpt":{"rendered":"<p>Das wird unser Gildejahr 2026Liebe Gildebr\u00fcder, liebe G\u00e4ste, das sind unsere Planungen f\u00fcr das bevorstehende Gildejahr:06.01.2026 &#8211; Gr\u00fcnkohlessen der Gildek\u00f6nige im Gildehus30.01.2026 &#8211; Gildepokal Preetz-Pl\u00f6n-L\u00fctjenburg01.02.2026 &#8211; Anschie\u00dfen nach der Winterpause15.02.2026 &#8211; Schie\u00dfen Schie\u00dfstand\u00a001.03.2026 &#8211; Schie\u00dfen Schie\u00dfstand\u00a007.03.2026 &#8211; Damenpokal\u00a015.03.2026 &#8211; Schie\u00dfen Schie\u00dfstand\u00a021.03.2026 &#8211; Gilde &#8211; Jahreshauptversammlung29.03.2026 &#8211; Schie\u00dfen Schie\u00dfstand12.06.2026 &#8211; Festkommers Sch\u00fctzenplatz13.06.2026 &#8211; Gildefest Sch\u00fctzenplatz10.10.2026 &#8211; [<a href=\"https:\/\/preetzer-schuetzengilde.de\/?page_id=150\">weiter&#8230;<\/a>]<\/p>\n","protected":false},"author":2,"featured_media":0,"parent":169,"menu_order":60,"comment_status":"open","ping_status":"closed","template":"","meta":{"_acf_changed":false,"footnotes":""},"class_list":["post-150","page","type-page","status-publish","hentry"],"acf":[],"publishpress_future_action":{"enabled":false,"date":"2026-04-26 17:09:51","action":"change-status","newStatus":"draft","terms":[],"taxonomy":"","extraData":[]},"publishpress_future_workflow_manual_trigger":{"enabledWorkflows":[]},"_links":{"self":[{"href":"https:\/\/preetzer-schuetzengilde.de\/index.php?rest_route=\/wp\/v2\/pages\/150","targetHints":{"allow":["GET"]}}],"collection":[{"href":"https:\/\/preetzer-schuetzengilde.de\/index.php?rest_route=\/wp\/v2\/pages"}],"about":[{"href":"https:\/\/preetzer-schuetzengilde.de\/index.php?rest_route=\/wp\/v2\/types\/page"}],"author":[{"embeddable":true,"href":"https:\/\/preetzer-schuetzengilde.de\/index.php?rest_route=\/wp\/v2\/users\/2"}],"replies":[{"embeddable":true,"href":"https:\/\/preetzer-schuetzengilde.de\/index.php?rest_route=%2Fwp%2Fv2%2Fcomments&post=150"}],"version-history":[{"count":71,"href":"https:\/\/preetzer-schuetzengilde.de\/index.php?rest_route=\/wp\/v2\/pages\/150\/revisions"}],"predecessor-version":[{"id":2192,"href":"https:\/\/preetzer-schuetzengilde.de\/index.php?rest_route=\/wp\/v2\/pages\/150\/revisions\/2192"}],"up":[{"embeddable":true,"href":"https:\/\/preetzer-schuetzengilde.de\/index.php?rest_route=\/wp\/v2\/pages\/169"}],"wp:attachment":[{"href":"https:\/\/preetzer-schuetzengilde.de\/index.php?rest_route=%2Fwp%2Fv2%2Fmedia&parent=150"}],"curies":[{"name":"wp","href":"https:\/\/api.w.org\/{rel}","templated":true}]}}