{"id":12,"date":"2014-07-24T14:19:29","date_gmt":"2014-07-24T12:19:29","guid":{"rendered":"http:\/\/psg.pmkunde.de\/?page_id=12"},"modified":"2026-01-11T19:57:39","modified_gmt":"2026-01-11T17:57:39","slug":"vorstand","status":"publish","type":"page","link":"https:\/\/preetzer-schuetzengilde.de\/?page_id=12","title":{"rendered":"Vorstand"},"content":{"rendered":"<table style=\"height: 682px; width: 88.4483%;\" width=\"88.4483%\">\n<tbody>\n<tr style=\"height: 100px;\">\n<td style=\"height: 14px; text-align: left; width: 27.3891%; vertical-align: top;\"><span style=\"font-size: 10pt;\">1. \u00c4ltermann<br \/>\n<\/span><\/td>\n<td style=\"width: 60.3696%; height: 14px; text-align: left; vertical-align: top;\"><span style=\"font-size: 10pt;\"><strong>Wolfgang Schneider<br \/>\n<\/strong>24211 Preetz, Zum Uferweg 3a<br \/>\n04342 &#8211; 8 43 50<br \/>\nE-Mail: <a href=\"mailto:preetz.schneider@gmail.com\">preetzer-schuetzengilde@gmx.de<\/a><strong><br \/>\n<\/strong><\/span><\/td>\n<\/tr>\n<tr style=\"height: 100px;\">\n<td style=\"height: 74px; text-align: left; vertical-align: top; width: 27.3891%;\"><span style=\"font-size: 10pt;\">2. \u00c4ltermann<br \/>\n<\/span><\/td>\n<td style=\"width: 60.3696%; height: 74px; text-align: left; vertical-align: top;\"><span style=\"font-size: 10pt;\"><strong>Heiner Rath<br \/>\n<\/strong>24211 Preetz, Industriestra\u00dfe 1<br \/>\n0162 &#8211; 9232670<br \/>\nE-Mail: <a href=\"mailto:preetz.schneider@gmail.com\">preetzer-schuetzengilde@gmx.de<\/a><\/span><\/td>\n<\/tr>\n<tr style=\"height: 100px;\">\n<td style=\"height: 88px; width: 27.3891%; text-align: left; vertical-align: top;\"><span style=\"font-size: 10pt;\">Gildeschreiber<\/span><\/td>\n<td style=\"width: 60.3696%; height: 88px; text-align: left; vertical-align: top;\"><span style=\"font-size: 10pt;\"><strong>Uwe Seidler<br \/>\n<\/strong>24211 Preetz, Lindenstra\u00dfe 13<br \/>\n04342 &#8211; 8001922<br \/>\nE-Mail: <a href=\"mailto:preetz.schneider@gmail.com\">preetzer-schuetzengilde@gmx.de<\/a><strong><br \/>\n<\/strong><\/span><\/td>\n<\/tr>\n<tr style=\"height: 100px;\">\n<td style=\"height: 75px; text-align: left; width: 27.3891%; vertical-align: top;\"><span style=\"font-size: 10pt;\">Gildekassierer<br \/>\n<\/span><\/td>\n<td style=\"width: 60.3696%; height: 75px; text-align: left;\"><span style=\"font-size: 10pt;\"><strong>Udo Neumann<br \/>\n<\/strong>24211 Preetz, Rosenstra\u00dfe 4a<br \/>\n04342 &#8211; 23 08<br \/>\nE-Mail: <a href=\"mailto:preetz.schneider@gmail.com\">preetzer-schuetzengilde@gmx.de<\/a><strong><br \/>\n<\/strong><\/span><\/td>\n<\/tr>\n<tr style=\"height: 100px;\">\n<td style=\"height: 50px; width: 27.3891%; text-align: left; vertical-align: top;\"><span style=\"font-size: 10pt;\">Gildeschie\u00dfwart<br \/>\n<\/span><\/td>\n<td style=\"width: 60.3696%; height: 50px; text-align: left; vertical-align: top;\"><span style=\"font-size: 10pt;\"><strong>Dirk Peters<br \/>\n<\/strong>24211 Preetz, Kirchsteig 12<br \/>\n04342 &#8211; 76 99 39<br \/>\nE-Mail: <a href=\"mailto:preetz.schneider@gmail.com\">preetzer-schuetzengilde@gmx.de<\/a><strong><br \/>\n<\/strong><\/span><\/td>\n<\/tr>\n<tr style=\"height: 24px;\">\n<td style=\"height: 24px; width: 27.3891%;\"><span style=\"font-size: 10pt;\">Ehren\u00e4lterm\u00e4nner<\/span><\/td>\n<td style=\"height: 24px; width: 60.3696%;\"><span style=\"font-size: 10pt;\">Horst Rickert<br \/>\nGeorg Drenckhahn<br \/>\nBernd Kodel<br \/>\n<\/span><\/td>\n<\/tr>\n<tr style=\"height: 24px;\">\n<td style=\"height: 24px; width: 27.3891%;\"><span style=\"font-size: 10pt;\">Hauptmann:<\/span><\/td>\n<td style=\"height: 24px; width: 60.3696%;\"><span style=\"font-size: 10pt;\">Matthias Meyer<br \/>\n<\/span><\/td>\n<\/tr>\n<tr style=\"height: 24px;\">\n<td style=\"height: 24px; width: 27.3891%;\"><span style=\"font-size: 10pt;\">Oberleutnant:<\/span><\/td>\n<td style=\"height: 24px; width: 60.3696%;\"><span style=\"font-size: 10pt;\">Philipp Gerdellebracht<\/span><\/td>\n<\/tr>\n<tr style=\"height: 32px;\">\n<td style=\"height: 32px; width: 27.3891%;\"><span style=\"font-size: 10pt;\">Leutnant:<\/span><\/td>\n<td style=\"height: 32px; width: 60.3696%;\"><span style=\"font-size: 10pt;\">J\u00fcrgen Hartz<\/span><\/td>\n<\/tr>\n<tr style=\"height: 24px;\">\n<td style=\"height: 24px; width: 27.3891%;\"><span style=\"font-size: 10pt;\">Schaffer:<\/span><\/td>\n<td style=\"height: 24px; width: 60.3696%;\"><span style=\"font-size: 10pt;\">Hauke Hansen<\/span><\/td>\n<\/tr>\n<tr style=\"height: 32px;\">\n<td style=\"width: 87.7587%; height: 18px; text-align: left;\" colspan=\"2\"><span style=\"font-size: 10pt;\"><strong>Weitere Funktionen<\/strong><br \/>\n<\/span><span style=\"font-size: 10pt;\"><br \/>\n<\/span><\/td>\n<\/tr>\n<tr style=\"height: 24px;\">\n<td style=\"height: 24px; text-align: left; vertical-align: top; width: 27.3891%;\"><span style=\"font-size: 10pt;\">Gildezeltmeister:<\/span><\/td>\n<td style=\"height: 24px; width: 60.3696%; text-align: left; vertical-align: top;\"><span style=\"font-size: 10pt;\">Matthias Meyer<\/span><\/td>\n<\/tr>\n<tr style=\"height: 24px;\">\n<td style=\"height: 24px; text-align: left; vertical-align: top; width: 27.3891%;\"><span style=\"font-size: 10pt;\">Stellv. Gildezeltmeister:<\/span><\/td>\n<td style=\"height: 24px; width: 60.3696%; text-align: left; vertical-align: top;\"><span style=\"font-size: 10pt;\">Manfred Quatfasel<\/span><\/td>\n<\/tr>\n<tr style=\"height: 48px;\">\n<td style=\"height: 10px; text-align: left; vertical-align: top; width: 27.3891%;\"><span style=\"font-size: 10pt;\">Fahnenabordnung:<\/span><\/td>\n<td style=\"height: 10px; width: 60.3696%; text-align: left; vertical-align: top;\"><span style=\"font-size: 10pt;\">Christian Bruschkat<br \/>\nJens Jan\u00dfen<\/span><br \/>\n<span style=\"font-size: 10pt;\">Renee Quatfasel<br \/>\nJ\u00f6rn Knott<\/span><\/td>\n<\/tr>\n<tr style=\"height: 24px;\">\n<td style=\"height: 24px; text-align: left; vertical-align: top; width: 27.3891%;\"><span style=\"font-size: 10pt;\">L\u00f6ffelbaumtr\u00e4ger:<\/span><\/td>\n<td style=\"height: 24px; width: 60.3696%; text-align: left; vertical-align: top;\"><span style=\"font-size: 10pt;\">G\u00fcnter Karoschinski<\/span><\/td>\n<\/tr>\n<tr style=\"height: 24px;\">\n<td style=\"height: 24px; text-align: left; vertical-align: top; width: 27.3891%;\"><span style=\"font-size: 10pt;\">Schellenbaumtr\u00e4ger:<\/span><\/td>\n<td style=\"height: 24px; width: 60.3696%; text-align: left; vertical-align: top;\"><span style=\"font-size: 10pt;\">Christian M\u00f6ller<\/span><\/td>\n<\/tr>\n<tr style=\"height: 24px;\">\n<td style=\"height: 24px; text-align: left; vertical-align: top; width: 27.3891%;\"><span style=\"font-size: 10pt;\">Damenschie\u00dfwart:<\/span><\/td>\n<td style=\"height: 24px; width: 60.3696%; text-align: left; vertical-align: top;\"><span style=\"font-size: 10pt;\">Philipp Gerdellebracht<\/span><\/td>\n<\/tr>\n<tr style=\"height: 24px;\">\n<td style=\"height: 24px; text-align: left; vertical-align: top; width: 27.3891%;\"><span style=\"font-size: 10pt;\">Gildearchivar:<\/span><\/td>\n<td style=\"height: 24px; width: 60.3696%; text-align: left; vertical-align: top;\"><span style=\"font-size: 10pt;\">Uwe Seidler<\/span><\/td>\n<\/tr>\n<tr style=\"height: 24px;\">\n<td style=\"height: 24px; text-align: left; vertical-align: top; width: 27.3891%;\"><span style=\"font-size: 10pt;\">Gildetischler:<\/span><\/td>\n<td style=\"height: 24px; width: 60.3696%; text-align: left; vertical-align: top;\"><span style=\"font-size: 10pt;\">Hauke Hansen<\/span><\/td>\n<\/tr>\n<\/tbody>\n<\/table>\n","protected":false},"excerpt":{"rendered":"<p>1. \u00c4ltermann Wolfgang Schneider 24211 Preetz, Zum Uferweg 3a 04342 &#8211; 8 43 50 E-Mail: preetzer-schuetzengilde@gmx.de 2. \u00c4ltermann Heiner Rath 24211 Preetz, Industriestra\u00dfe 1 0162 &#8211; 9232670 E-Mail: preetzer-schuetzengilde@gmx.de Gildeschreiber Uwe Seidler 24211 Preetz, Lindenstra\u00dfe 13 04342 &#8211; 8001922 E-Mail: preetzer-schuetzengilde@gmx.de Gildekassierer Udo Neumann 24211 Preetz, Rosenstra\u00dfe 4a 04342 &#8211; 23 08 E-Mail: preetzer-schuetzengilde@gmx.de Gildeschie\u00dfwart [<a href=\"https:\/\/preetzer-schuetzengilde.de\/?page_id=12\">weiter&#8230;<\/a>]<\/p>\n","protected":false},"author":2,"featured_media":0,"parent":0,"menu_order":40,"comment_status":"closed","ping_status":"closed","template":"","meta":{"_acf_changed":false,"footnotes":""},"class_list":["post-12","page","type-page","status-publish","hentry"],"acf":[],"publishpress_future_action":{"enabled":false,"date":"2026-04-26 17:09:29","action":"change-status","newStatus":"draft","terms":[],"taxonomy":"","extraData":[]},"publishpress_future_workflow_manual_trigger":{"enabledWorkflows":[]},"_links":{"self":[{"href":"https:\/\/preetzer-schuetzengilde.de\/index.php?rest_route=\/wp\/v2\/pages\/12","targetHints":{"allow":["GET"]}}],"collection":[{"href":"https:\/\/preetzer-schuetzengilde.de\/index.php?rest_route=\/wp\/v2\/pages"}],"about":[{"href":"https:\/\/preetzer-schuetzengilde.de\/index.php?rest_route=\/wp\/v2\/types\/page"}],"author":[{"embeddable":true,"href":"https:\/\/preetzer-schuetzengilde.de\/index.php?rest_route=\/wp\/v2\/users\/2"}],"replies":[{"embeddable":true,"href":"https:\/\/preetzer-schuetzengilde.de\/index.php?rest_route=%2Fwp%2Fv2%2Fcomments&post=12"}],"version-history":[{"count":67,"href":"https:\/\/preetzer-schuetzengilde.de\/index.php?rest_route=\/wp\/v2\/pages\/12\/revisions"}],"predecessor-version":[{"id":2184,"href":"https:\/\/preetzer-schuetzengilde.de\/index.php?rest_route=\/wp\/v2\/pages\/12\/revisions\/2184"}],"wp:attachment":[{"href":"https:\/\/preetzer-schuetzengilde.de\/index.php?rest_route=%2Fwp%2Fv2%2Fmedia&parent=12"}],"curies":[{"name":"wp","href":"https:\/\/api.w.org\/{rel}","templated":true}]}}